{"id":755,"date":"2024-06-21T09:25:39","date_gmt":"2024-06-21T06:25:39","guid":{"rendered":"http:\/\/www.yym.org.tr\/?page_id=755"},"modified":"2024-06-21T09:53:21","modified_gmt":"2024-06-21T06:53:21","slug":"yeryuzu-muhendisleri-grubu","status":"publish","type":"page","link":"http:\/\/www.yym.org.tr\/?page_id=755","title":{"rendered":"Yery\u00fcz\u00fc M\u00fchendisleri Grubu"},"content":{"rendered":"\t\t<div data-elementor-type=\"wp-page\" data-elementor-id=\"755\" class=\"elementor elementor-755\">\n\t\t\t\t<div class=\"elementor-element elementor-element-7a768f72 e-flex e-con-boxed e-con e-parent\" data-id=\"7a768f72\" data-element_type=\"container\">\n\t\t\t\t\t<div class=\"e-con-inner\">\n\t\t\t\t<div class=\"elementor-element elementor-element-490fcad elementor-widget elementor-widget-text-editor\" data-id=\"490fcad\" data-element_type=\"widget\" data-widget_type=\"text-editor.default\">\n\t\t\t\t<div class=\"elementor-widget-container\">\n\t\t\t<style>\/*! elementor - v3.23.0 - 05-08-2024 *\/\n.elementor-widget-text-editor.elementor-drop-cap-view-stacked .elementor-drop-cap{background-color:#69727d;color:#fff}.elementor-widget-text-editor.elementor-drop-cap-view-framed .elementor-drop-cap{color:#69727d;border:3px solid;background-color:transparent}.elementor-widget-text-editor:not(.elementor-drop-cap-view-default) .elementor-drop-cap{margin-top:8px}.elementor-widget-text-editor:not(.elementor-drop-cap-view-default) .elementor-drop-cap-letter{width:1em;height:1em}.elementor-widget-text-editor .elementor-drop-cap{float:left;text-align:center;line-height:1;font-size:50px}.elementor-widget-text-editor .elementor-drop-cap-letter{display:inline-block}<\/style>\t\t\t\t<p>Yery\u00fcz\u00fc M\u00fchendisleri Grubu, mimar ve m\u00fchendislerin ula\u015fabildi\u011fi her bir hayat i\u00e7in ya\u015fam\u0131 kolayla\u015ft\u0131rmak yolunda birikim ve kapasitelerini birle\u015ftirdi\u011fi olu\u015fumunun ad\u0131d\u0131r.<\/p><p>Yery\u00fcz\u00fc M\u00fchendisleri, bireyin ihtiya\u00e7 duydu\u011fu bar\u0131nma alanlar\u0131 ve g\u00fcnl\u00fck beslenme ihtiya\u00e7lar\u0131, ya\u015fam\u0131 kolayla\u015ft\u0131ran su, elektrik, haberle\u015fme ve ula\u015f\u0131m altyap\u0131lar\u0131 i\u00e7in en temel bar\u0131nma alan\u0131ndan metropol \u015fehir \u00f6l\u00e7e\u011finde fizibilite, projelendirme, uygulama ve i\u015fletme alan\u0131nda teknik hizmetler sa\u011flamaktad\u0131r.<\/p><p>\u00c7evre ve k\u00fclt\u00fcrel miras\u0131n korunmas\u0131n\u0131 faaliyetlerinde \u00f6ncelikle tutan Yery\u00fcz\u00fc M\u00fchendisleri Grubu, de\u011ferlerin korunmas\u0131, sosyal ve ekonomik etkileri \u00e7er\u00e7evesinde i\u015fletmelerin s\u00fcrd\u00fcrebilir olmas\u0131 i\u00e7in mesleki e\u011fitim faaliyetlerini desteklemektedir.<\/p><p>Y\u00f6netim ekibinin g\u00f6n\u00fcll\u00fc profesyonellerden olu\u015ftu\u011fu Yery\u00fcz\u00fc M\u00fchendisleri Grubu teknik hizmetleri alan\u0131nda uzman ekibi ile sa\u011flamaktad\u0131r.<\/p>\t\t\t\t\t\t<\/div>\n\t\t\t\t<\/div>\n\t\t\t\t\t<\/div>\n\t\t\t\t<\/div>\n\t\t\t\t<\/div>\n\t\t","protected":false},"excerpt":{"rendered":"<p>Yery\u00fcz\u00fc M\u00fchendisleri Grubu, mimar ve m\u00fchendislerin ula\u015fabildi\u011fi her bir hayat i\u00e7in ya\u015fam\u0131 kolayla\u015ft\u0131rmak yolunda birikim ve kapasitelerini birle\u015ftirdi\u011fi olu\u015fumunun ad\u0131d\u0131r. [&hellip;]<\/p>\n","protected":false},"author":1,"featured_media":0,"parent":0,"menu_order":0,"comment_status":"closed","ping_status":"closed","template":"","meta":{"footnotes":""},"class_list":["post-755","page","type-page","status-publish","hentry"],"_links":{"self":[{"href":"http:\/\/www.yym.org.tr\/index.php?rest_route=\/wp\/v2\/pages\/755","targetHints":{"allow":["GET"]}}],"collection":[{"href":"http:\/\/www.yym.org.tr\/index.php?rest_route=\/wp\/v2\/pages"}],"about":[{"href":"http:\/\/www.yym.org.tr\/index.php?rest_route=\/wp\/v2\/types\/page"}],"author":[{"embeddable":true,"href":"http:\/\/www.yym.org.tr\/index.php?rest_route=\/wp\/v2\/users\/1"}],"replies":[{"embeddable":true,"href":"http:\/\/www.yym.org.tr\/index.php?rest_route=%2Fwp%2Fv2%2Fcomments&post=755"}],"version-history":[{"count":4,"href":"http:\/\/www.yym.org.tr\/index.php?rest_route=\/wp\/v2\/pages\/755\/revisions"}],"predecessor-version":[{"id":761,"href":"http:\/\/www.yym.org.tr\/index.php?rest_route=\/wp\/v2\/pages\/755\/revisions\/761"}],"wp:attachment":[{"href":"http:\/\/www.yym.org.tr\/index.php?rest_route=%2Fwp%2Fv2%2Fmedia&parent=755"}],"curies":[{"name":"wp","href":"https:\/\/api.w.org\/{rel}","templated":true}]}}